{"id":1140,"date":"2022-05-31T14:23:55","date_gmt":"2022-05-31T11:23:55","guid":{"rendered":"https:\/\/visitoulufi.test.cchosting.fi\/?page_id=1140"},"modified":"2022-05-31T14:23:55","modified_gmt":"2022-05-31T11:23:55","slug":"cookie-settings","status":"publish","type":"page","link":"https:\/\/visitoulufi-2025-10-14_10_27_17.test.cchosting.fi\/en\/cookie-settings\/","title":{"rendered":"Cookie settings"},"content":{"rendered":"<p><strong>Cookies<\/strong><br>A cookie is a small file that a website stores on a visitor's computer and that the visitor's browser provides to the website each time the visitor visits the site. We use cookies on our website that do what they are intended to do - namely, improve the user experience, target advertising and track traffic to Visit Oulu's website. You can disable cookies or set a cookie alert in your browser settings.<\/p>\n\n\n\n<p><strong>Website analysis and advertising cookies<\/strong><br>To obtain additional information about traffic on our website, we use an analytics and advertising tool provided by a third party.<\/p>\n\n\n\n<p>The Visit Oulu website uses Google Analytics, a web analytics service provided by Google Inc (\"Google\"). Google Analytics uses cookies to analyse how users use the website. The information generated by the cookie about your use of the website (including your IP address) will be transmitted to and stored by Google on servers in the United States. Our website uses IP anonymisation. Accordingly, Google will shorten\/anonymise the last octet of the IP address of citizens of Member States of the European Union and members of the European Economic Area. Only in exceptional cases will the full IP address be transmitted and shortened in the United States by Google's servers. Google will use this information on behalf of the website provider to evaluate your use of the website, to compile reports on website traffic for website providers and to provide other services relating to website traffic and website use for the website provider.<\/p>\n\n\n\n<p>You can prevent Google from collecting and using your data (cookies and IP addresses) by downloading and installing the browser plug-in available here:&nbsp;<a href=\"https:\/\/tools.google.com\/dlpage\/gaoptout\" target=\"_blank\" rel=\"noreferrer noopener\">tools.google.com\/dlpage\/gaoptout<\/a>&nbsp;or using other ad and tracking prevention tools<\/p>\n\n\n\n<p>We also use Google Analytics to analyse data from AdWords and DoubleClick Cookies. You can opt-out of this data processing via Google's privacy settings here:&nbsp;<a href=\"https:\/\/myaccount.google.com\/\">myaccount.google.com\/<\/a><\/p>","protected":false},"excerpt":{"rendered":"<p>Ev\u00e4steetEv\u00e4ste on pieni tiedosto, jonka verkkosivusto varastoi vierailijan tietokoneelle ja jonka vierailijan selain tarjoaa verkkosivulle joka kerta vierailijan vieraillessa sivustolla. K\u00e4yt\u00e4mme verkkosivuillamme sellaisia ev\u00e4steit\u00e4, jotka tekev\u00e4t mit\u00e4 niiden on tarkoituskin tehd\u00e4 \u2013 nimitt\u00e4in parantaa k\u00e4ytt\u00e4j\u00e4kokemusta, kohdentaa mainontaa ja seurata Visit Oulun verkkosivujen liikennett\u00e4. Voit poistaa ev\u00e4steet k\u00e4yt\u00f6st\u00e4 tai asettaa selaimen asetuksista ev\u00e4steille h\u00e4lytyksen. Verkkosivujen analyysit [&#8230;]<\/p>\n<p><a class=\"btn btn-secondary understrap-read-more-link\" href=\"https:\/\/visitoulufi-2025-10-14_10_27_17.test.cchosting.fi\/en\/cookie-settings\/\">Read More&#8230;<span class=\"screen-reader-text\"> from Ev\u00e4steasetukset<\/span><\/a><\/p>","protected":false},"author":3,"featured_media":1141,"parent":0,"menu_order":0,"comment_status":"closed","ping_status":"closed","template":"","meta":{"_acf_changed":false,"content-type":"","footnotes":""},"coauthors":[],"class_list":["post-1140","page","type-page","status-publish","has-post-thumbnail","hentry"],"acf":[],"yoast_head":"<!-- This site is optimized with the Yoast SEO plugin v26.0 - https:\/\/yoast.com\/wordpress\/plugins\/seo\/ -->\n<title>Ev\u00e4steasetukset - Visit Oulu<\/title>\n<meta name=\"robots\" content=\"index, follow, max-snippet:-1, max-image-preview:large, max-video-preview:-1\" \/>\n<link rel=\"canonical\" href=\"https:\/\/visitoulufi-2025-10-14_10_27_17.test.cchosting.fi\/en\/cookie-settings\/\" \/>\n<meta property=\"og:locale\" content=\"en_US\" \/>\n<meta property=\"og:type\" content=\"article\" \/>\n<meta property=\"og:title\" content=\"Ev\u00e4steasetukset - Visit Oulu\" \/>\n<meta property=\"og:description\" content=\"Ev\u00e4steetEv\u00e4ste on pieni tiedosto, jonka verkkosivusto varastoi vierailijan tietokoneelle ja jonka vierailijan selain tarjoaa verkkosivulle joka kerta vierailijan vieraillessa sivustolla. K\u00e4yt\u00e4mme verkkosivuillamme sellaisia ev\u00e4steit\u00e4, jotka tekev\u00e4t mit\u00e4 niiden on tarkoituskin tehd\u00e4 \u2013 nimitt\u00e4in parantaa k\u00e4ytt\u00e4j\u00e4kokemusta, kohdentaa mainontaa ja seurata Visit Oulun verkkosivujen liikennett\u00e4. Voit poistaa ev\u00e4steet k\u00e4yt\u00f6st\u00e4 tai asettaa selaimen asetuksista ev\u00e4steille h\u00e4lytyksen. Verkkosivujen analyysit [...]Read More... from Ev\u00e4steasetukset\" \/>\n<meta property=\"og:url\" content=\"https:\/\/visitoulufi-2025-10-14_10_27_17.test.cchosting.fi\/en\/cookie-settings\/\" \/>\n<meta property=\"og:site_name\" content=\"Visit Oulu\" \/>\n<meta property=\"og:image\" content=\"https:\/\/visitoulufi-2025-10-14_10_27_17.test.cchosting.fi\/wp-content\/uploads\/2022\/05\/NALLIKARI-WINTER-SUNSET-2.jpg\" \/>\n\t<meta property=\"og:image:width\" content=\"2048\" \/>\n\t<meta property=\"og:image:height\" content=\"1365\" \/>\n\t<meta property=\"og:image:type\" content=\"image\/jpeg\" \/>\n<meta name=\"twitter:card\" content=\"summary_large_image\" \/>\n<meta name=\"twitter:label1\" content=\"Est. reading time\" \/>\n\t<meta name=\"twitter:data1\" content=\"2 minutes\" \/>\n\t<meta name=\"twitter:label2\" content=\"Written by\" \/>\n\t<meta name=\"twitter:data2\" content=\"Laura Tauriainen\" \/>\n<script type=\"application\/ld+json\" class=\"yoast-schema-graph\">{\"@context\":\"https:\/\/schema.org\",\"@graph\":[{\"@type\":\"WebPage\",\"@id\":\"https:\/\/visitoulufi-2025-10-14_10_27_17.test.cchosting.fi\/evasteasetukset\/\",\"url\":\"https:\/\/visitoulufi-2025-10-14_10_27_17.test.cchosting.fi\/evasteasetukset\/\",\"name\":\"Ev\u00e4steasetukset - Visit Oulu\",\"isPartOf\":{\"@id\":\"https:\/\/visitoulufi-2025-10-14_10_27_17.test.cchosting.fi\/#website\"},\"primaryImageOfPage\":{\"@id\":\"https:\/\/visitoulufi-2025-10-14_10_27_17.test.cchosting.fi\/evasteasetukset\/#primaryimage\"},\"image\":{\"@id\":\"https:\/\/visitoulufi-2025-10-14_10_27_17.test.cchosting.fi\/evasteasetukset\/#primaryimage\"},\"thumbnailUrl\":\"https:\/\/visitoulufi-2025-10-14_10_27_17.test.cchosting.fi\/wp-content\/uploads\/2022\/05\/NALLIKARI-WINTER-SUNSET-2.jpg\",\"datePublished\":\"2022-05-31T11:23:55+00:00\",\"breadcrumb\":{\"@id\":\"https:\/\/visitoulufi-2025-10-14_10_27_17.test.cchosting.fi\/evasteasetukset\/#breadcrumb\"},\"inLanguage\":\"en-US\",\"potentialAction\":[{\"@type\":\"ReadAction\",\"target\":[\"https:\/\/visitoulufi-2025-10-14_10_27_17.test.cchosting.fi\/evasteasetukset\/\"]}]},{\"@type\":\"ImageObject\",\"inLanguage\":\"en-US\",\"@id\":\"https:\/\/visitoulufi-2025-10-14_10_27_17.test.cchosting.fi\/evasteasetukset\/#primaryimage\",\"url\":\"https:\/\/visitoulufi-2025-10-14_10_27_17.test.cchosting.fi\/wp-content\/uploads\/2022\/05\/NALLIKARI-WINTER-SUNSET-2.jpg\",\"contentUrl\":\"https:\/\/visitoulufi-2025-10-14_10_27_17.test.cchosting.fi\/wp-content\/uploads\/2022\/05\/NALLIKARI-WINTER-SUNSET-2.jpg\",\"width\":2048,\"height\":1365},{\"@type\":\"BreadcrumbList\",\"@id\":\"https:\/\/visitoulufi-2025-10-14_10_27_17.test.cchosting.fi\/evasteasetukset\/#breadcrumb\",\"itemListElement\":[{\"@type\":\"ListItem\",\"position\":1,\"name\":\"Etusivu\",\"item\":\"https:\/\/visitoulufi-2025-10-14_10_27_17.test.cchosting.fi\/\"},{\"@type\":\"ListItem\",\"position\":2,\"name\":\"Ev\u00e4steasetukset\"}]},{\"@type\":\"WebSite\",\"@id\":\"https:\/\/visitoulufi-2025-10-14_10_27_17.test.cchosting.fi\/#website\",\"url\":\"https:\/\/visitoulufi-2025-10-14_10_27_17.test.cchosting.fi\/\",\"name\":\"Visit Oulu\",\"description\":\"\",\"potentialAction\":[{\"@type\":\"SearchAction\",\"target\":{\"@type\":\"EntryPoint\",\"urlTemplate\":\"https:\/\/visitoulufi-2025-10-14_10_27_17.test.cchosting.fi\/?s={search_term_string}\"},\"query-input\":{\"@type\":\"PropertyValueSpecification\",\"valueRequired\":true,\"valueName\":\"search_term_string\"}}],\"inLanguage\":\"en-US\"}]}<\/script>\n<!-- \/ Yoast SEO plugin. -->","yoast_head_json":{"title":"Cookie settings - Visit Oulu","robots":{"index":"index","follow":"follow","max-snippet":"max-snippet:-1","max-image-preview":"max-image-preview:large","max-video-preview":"max-video-preview:-1"},"canonical":"https:\/\/visitoulufi-2025-10-14_10_27_17.test.cchosting.fi\/en\/cookie-settings\/","og_locale":"en_US","og_type":"article","og_title":"Ev\u00e4steasetukset - Visit Oulu","og_description":"Ev\u00e4steetEv\u00e4ste on pieni tiedosto, jonka verkkosivusto varastoi vierailijan tietokoneelle ja jonka vierailijan selain tarjoaa verkkosivulle joka kerta vierailijan vieraillessa sivustolla. K\u00e4yt\u00e4mme verkkosivuillamme sellaisia ev\u00e4steit\u00e4, jotka tekev\u00e4t mit\u00e4 niiden on tarkoituskin tehd\u00e4 \u2013 nimitt\u00e4in parantaa k\u00e4ytt\u00e4j\u00e4kokemusta, kohdentaa mainontaa ja seurata Visit Oulun verkkosivujen liikennett\u00e4. Voit poistaa ev\u00e4steet k\u00e4yt\u00f6st\u00e4 tai asettaa selaimen asetuksista ev\u00e4steille h\u00e4lytyksen. Verkkosivujen analyysit [...]Read More... from Ev\u00e4steasetukset","og_url":"https:\/\/visitoulufi-2025-10-14_10_27_17.test.cchosting.fi\/en\/cookie-settings\/","og_site_name":"Visit Oulu","og_image":[{"width":2048,"height":1365,"url":"https:\/\/visitoulufi-2025-10-14_10_27_17.test.cchosting.fi\/wp-content\/uploads\/2022\/05\/NALLIKARI-WINTER-SUNSET-2.jpg","type":"image\/jpeg"}],"twitter_card":"summary_large_image","twitter_misc":{"Est. reading time":"2 minutes","Written by":"Laura Tauriainen"},"schema":{"@context":"https:\/\/schema.org","@graph":[{"@type":"WebPage","@id":"https:\/\/visitoulufi-2025-10-14_10_27_17.test.cchosting.fi\/evasteasetukset\/","url":"https:\/\/visitoulufi-2025-10-14_10_27_17.test.cchosting.fi\/evasteasetukset\/","name":"Cookie settings - Visit Oulu","isPartOf":{"@id":"https:\/\/visitoulufi-2025-10-14_10_27_17.test.cchosting.fi\/#website"},"primaryImageOfPage":{"@id":"https:\/\/visitoulufi-2025-10-14_10_27_17.test.cchosting.fi\/evasteasetukset\/#primaryimage"},"image":{"@id":"https:\/\/visitoulufi-2025-10-14_10_27_17.test.cchosting.fi\/evasteasetukset\/#primaryimage"},"thumbnailUrl":"https:\/\/visitoulufi-2025-10-14_10_27_17.test.cchosting.fi\/wp-content\/uploads\/2022\/05\/NALLIKARI-WINTER-SUNSET-2.jpg","datePublished":"2022-05-31T11:23:55+00:00","breadcrumb":{"@id":"https:\/\/visitoulufi-2025-10-14_10_27_17.test.cchosting.fi\/evasteasetukset\/#breadcrumb"},"inLanguage":"en-US","potentialAction":[{"@type":"ReadAction","target":["https:\/\/visitoulufi-2025-10-14_10_27_17.test.cchosting.fi\/evasteasetukset\/"]}]},{"@type":"ImageObject","inLanguage":"en-US","@id":"https:\/\/visitoulufi-2025-10-14_10_27_17.test.cchosting.fi\/evasteasetukset\/#primaryimage","url":"https:\/\/visitoulufi-2025-10-14_10_27_17.test.cchosting.fi\/wp-content\/uploads\/2022\/05\/NALLIKARI-WINTER-SUNSET-2.jpg","contentUrl":"https:\/\/visitoulufi-2025-10-14_10_27_17.test.cchosting.fi\/wp-content\/uploads\/2022\/05\/NALLIKARI-WINTER-SUNSET-2.jpg","width":2048,"height":1365},{"@type":"BreadcrumbList","@id":"https:\/\/visitoulufi-2025-10-14_10_27_17.test.cchosting.fi\/evasteasetukset\/#breadcrumb","itemListElement":[{"@type":"ListItem","position":1,"name":"Etusivu","item":"https:\/\/visitoulufi-2025-10-14_10_27_17.test.cchosting.fi\/"},{"@type":"ListItem","position":2,"name":"Ev\u00e4steasetukset"}]},{"@type":"WebSite","@id":"https:\/\/visitoulufi-2025-10-14_10_27_17.test.cchosting.fi\/#website","url":"https:\/\/visitoulufi-2025-10-14_10_27_17.test.cchosting.fi\/","name":"Visit Oulu","description":"","potentialAction":[{"@type":"SearchAction","target":{"@type":"EntryPoint","urlTemplate":"https:\/\/visitoulufi-2025-10-14_10_27_17.test.cchosting.fi\/?s={search_term_string}"},"query-input":{"@type":"PropertyValueSpecification","valueRequired":true,"valueName":"search_term_string"}}],"inLanguage":"en-US"}]}},"_links":{"self":[{"href":"https:\/\/visitoulufi-2025-10-14_10_27_17.test.cchosting.fi\/en\/wp-json\/wp\/v2\/pages\/1140","targetHints":{"allow":["GET"]}}],"collection":[{"href":"https:\/\/visitoulufi-2025-10-14_10_27_17.test.cchosting.fi\/en\/wp-json\/wp\/v2\/pages"}],"about":[{"href":"https:\/\/visitoulufi-2025-10-14_10_27_17.test.cchosting.fi\/en\/wp-json\/wp\/v2\/types\/page"}],"author":[{"embeddable":true,"href":"https:\/\/visitoulufi-2025-10-14_10_27_17.test.cchosting.fi\/en\/wp-json\/wp\/v2\/users\/3"}],"replies":[{"embeddable":true,"href":"https:\/\/visitoulufi-2025-10-14_10_27_17.test.cchosting.fi\/en\/wp-json\/wp\/v2\/comments?post=1140"}],"version-history":[{"count":3,"href":"https:\/\/visitoulufi-2025-10-14_10_27_17.test.cchosting.fi\/en\/wp-json\/wp\/v2\/pages\/1140\/revisions"}],"predecessor-version":[{"id":2977,"href":"https:\/\/visitoulufi-2025-10-14_10_27_17.test.cchosting.fi\/en\/wp-json\/wp\/v2\/pages\/1140\/revisions\/2977"}],"wp:featuredmedia":[{"embeddable":true,"href":"https:\/\/visitoulufi-2025-10-14_10_27_17.test.cchosting.fi\/en\/wp-json\/wp\/v2\/media\/1141"}],"wp:attachment":[{"href":"https:\/\/visitoulufi-2025-10-14_10_27_17.test.cchosting.fi\/en\/wp-json\/wp\/v2\/media?parent=1140"}],"wp:term":[{"taxonomy":"author","embeddable":true,"href":"https:\/\/visitoulufi-2025-10-14_10_27_17.test.cchosting.fi\/en\/wp-json\/wp\/v2\/coauthors?post=1140"}],"curies":[{"name":"wp","href":"https:\/\/api.w.org\/{rel}","templated":true}]}}